{"id":162,"date":"2018-03-16T16:34:24","date_gmt":"2018-03-16T16:34:24","guid":{"rendered":"https:\/\/wattenscheider-rsc.de\/?page_id=162"},"modified":"2023-02-20T14:22:24","modified_gmt":"2023-02-20T13:22:24","slug":"impressum","status":"publish","type":"page","link":"https:\/\/wattenscheider-rsc.de\/?page_id=162","title":{"rendered":"Impressum"},"content":{"rendered":"<div id=\"fb-root\"><\/div>\n\t\t<div data-elementor-type=\"wp-page\" data-elementor-id=\"162\" class=\"elementor elementor-162\">\n\t\t\t\t\t\t<div class=\"elementor-inner\">\n\t\t\t\t<div class=\"elementor-section-wrap\">\n\t\t\t\t\t\t\t\t\t<section class=\"elementor-section elementor-top-section elementor-element elementor-element-25d4da04 elementor-section-boxed elementor-section-height-default elementor-section-height-default\" data-id=\"25d4da04\" data-element_type=\"section\">\n\t\t\t\t\t\t<div class=\"elementor-container elementor-column-gap-default\">\n\t\t\t\t\t\t\t<div class=\"elementor-row\">\n\t\t\t\t\t<div class=\"elementor-column elementor-col-100 elementor-top-column elementor-element elementor-element-1ad45a9a\" data-id=\"1ad45a9a\" data-element_type=\"column\">\n\t\t\t<div class=\"elementor-column-wrap elementor-element-populated\">\n\t\t\t\t\t\t\t<div class=\"elementor-widget-wrap\">\n\t\t\t\t\t\t<div class=\"elementor-element elementor-element-2c6e2279 elementor-widget elementor-widget-text-editor\" data-id=\"2c6e2279\" data-element_type=\"widget\" data-widget_type=\"text-editor.default\">\n\t\t\t\t<div class=\"elementor-widget-container\">\n\t\t\t\t\t\t\t\t<div class=\"elementor-text-editor elementor-clearfix\">\n\t\t\t\t<p><span style=\"color: #000000;\"><strong>Angaben gem\u00e4\u00df \u00a75 TMG<\/strong><\/span><\/p>\n<p><strong><span style=\"color: #000000;\">Vereinsanschrift:<\/span><\/strong><\/p>\n<p><span style=\"color: #000000;\">Wattenscheider Rollsport Club 1948 e.V.<\/span><br><span style=\"color: #000000;\">Diana Schl\u00fcter<\/span><br><span style=\"color: #000000;\"> Fahrenheitsstr.40A<\/span><br><span style=\"color: #000000;\"> 44879 Bochum<\/span><\/p>\n<p><span style=\"color: #000000;\"> E-Mail: <\/span><a href=\"mailto:d_schlueter@wattenscheider-rsc.de\"><span>d_schlueter@wattenscheider-rsc.de<\/span><\/a><\/p>\n<p><span style=\"color: #000000;\"><strong>Registereintrag:<\/strong><\/span><\/p>\n<p><span style=\"color: #000000;\">Vereinsregister: Amtsgericht Bochum<\/span><br><span style=\"color: #000000;\">Registernummer: VR1647<\/span><\/p>\n<p><span style=\"color: #000000;\"><strong>Bankverbindung:<\/strong><\/span><br><span style=\"color: #000000;\">Sparkasse Bochum<\/span><br><span style=\"color: #000000;\"> IBAN:DE97430500010000931196<\/span><\/p>\n<p><span style=\"color: #000000;\"><strong>Vertreten durch &#8211; Vorstand im Sinne des \u00a7 26 BGB<\/strong><\/span><\/p>\n<p><span style=\"color: #000000;\">1.Vorsitzender Thomas Schl\u00fcter<\/span><br><span style=\"color: #000000;\">2.Vorsitzende Susanne Kraft<\/span><br><span style=\"color: #000000;\">1.Gesch\u00e4ftsf\u00fchrerin Diana Schl\u00fcter<\/span><br><span style=\"color: #000000;\">1.Kassenwart Stefanie Amore<br><\/span><\/p>\n<p><strong><span style=\"color: #000000;\">Administration und Entwurf der Homepage:<\/span><\/strong><\/p>\n<p><span style=\"color: #000000;\">Thomas Schl\u00fcter webmaster@wattenscheider-rsc.de<\/span><\/p>\n<p><span style=\"color: #000000;\">(Alles Rechte am Entwurf der Homepage vorbehalten)<\/span><\/p>\n<p><span style=\"color: #000000;\"><strong>Urheberrecht:<\/strong><\/span><\/p>\n<p><span style=\"color: #000000;\">Alle Grafiken, Bilder, Texte und sonstigen Daten im Umfang dieser Internet-Pr\u00e4senz sind urheberrechtlich gesch\u00fctzt und sind, soweit nicht anders angegeben, Eigentum des Wattenscheider Rollsport Club 1948 e.V.<strong><br><\/strong><\/span><\/p>\n<p><span style=\"color: #000000;\">Die Vervielf\u00e4ltigung jeglicher Daten von dieser Internet-Pr\u00e4senz ohne vorherige Zustimmung des Wattenscheider Rollsport Club 1948 e.V. ist untersagt. Dies gilt insbesondere f\u00fcr die Vervielf\u00e4ltigung sowie die Speicherung und Bearbeitung in elektronischen Medien.<\/span><\/p>\n<div>\n<p><span style=\"color: #000000;\"><strong>Haftungsausschluss\/Disclaimer<\/strong><\/span><\/p>\n<p><span style=\"color: #000000;\">Haftung f\u00fcr Inhalte<\/span><\/p>\n<\/div>\n<div>\n<p><span style=\"color: #000000;\">Als Diensteanbieter sind wir gem\u00e4\u00df \u00a7 7 Abs.1 TMG f\u00fcr eigene Inhalte auf diesen Seiten nach den allgemeinen Gesetzen verantwortlich. Nach \u00a7\u00a7 8 bis 10 TMG sind wir als Diensteanbieter jedoch nicht verpflichtet, \u00fcbermittelte oder gespeicherte fremde Informationen zu \u00fcberwachen oder nach Umst\u00e4nden zu forschen, die auf eine rechtswidrige T\u00e4tigkeit hinweisen. Verpflichtungen zur Entfernung oder Sperrung der Nutzung von Informationen nach den allgemeinen Gesetzen bleiben hiervon unber\u00fchrt. Eine diesbez\u00fcgliche Haftung ist jedoch erst ab dem Zeitpunkt der Kenntnis einer konkreten Rechtsverletzung m\u00f6glich. Bei Bekanntwerden von entsprechenden Rechtsverletzungen werden wir diese Inhalte umgehend entfernen.<\/span><\/p>\n<\/div>\n<div><span style=\"color: #000000;\"><strong> Haftung f\u00fcr Links<br><\/strong><\/span><\/div>\n<div>\n<p><span style=\"color: #000000;\">Unser Angebot enth\u00e4lt Links zu externen Webseiten Dritter, auf deren Inhalte wir keinen Einfluss haben. Deshalb k\u00f6nnen wir f\u00fcr diese fremden Inhalte auch keine Gew\u00e4hr \u00fcbernehmen. F\u00fcr die Inhalte der verlinkten Seiten ist stets der jeweilige Anbieter oder Betreiber der Seiten verantwortlich. Die verlinkten Seiten wurden zum Zeitpunkt der Verlinkung auf m\u00f6gliche Rechtsverst\u00f6\u00dfe \u00fcberpr\u00fcft. Rechtswidrige Inhalte waren zum Zeitpunkt der Verlinkung nicht erkennbar. Eine permanente inhaltliche Kontrolle der verlinkten Seiten ist jedoch ohne konkrete Anhaltspunkte einer Rechtsverletzung nicht zumutbar. Bei Bekanntwerden von Rechtsverletzungen werden wir derartige Links umgehend entfernen.<br>Mit Urteil vom 12. Mai 1998 hat das Landgericht Hamburg entschieden, dass man durch die Ausbringung eines Links die Inhalte der gelinkten Seite ggf. mit zu verantworten hat. Dies kann, so das Landgericht, nur dadurch verhindert werden, indem man sich ausdr\u00fccklich von diesen Inhalten distanziert. Wir haben auf unseren Seiten Links zu anderen Web-Seiten im Internet gelegt. F\u00fcr alle diese Links gilt: Wir erkl\u00e4ren ausdr\u00fccklich, dass wir keinerlei Einfluss auf die Gestaltung und die Inhalte der gelinkten Seiten haben. Deshalb distanzieren wir uns hiermit ausdr\u00fccklich von allen Inhalten aller gelinkten Seiten auf unserer Internetpr\u00e4senz und machen uns diese Inhalte nicht zu Eigen. Diese Erkl\u00e4rung gilt f\u00fcr alle auf unserer Internetpr\u00e4senz angezeigten Links und f\u00fcr alle Inhalte der Seiten, zu denen diese f\u00fchren. Der Besucher dieser Internetseite und aller damit verbundenen Seiten erkennt den vollen Haftungsausschluss der Betreiber und der damit verbundenen Personen der Betreiber an. Der Besuch dieser Seite ist unverbindlich f\u00fcr alle beteiligten Parteien. Meinungs\u00e4u\u00dferungen dr\u00fccken die Meinung des \u00c4u\u00dfernden, nicht der Betreiber aus.<\/span><\/p>\n<\/div>\t\t\t\t\t<\/div>\n\t\t\t\t\t\t<\/div>\n\t\t\t\t<\/div>\n\t\t\t\t\t\t<\/div>\n\t\t\t\t\t<\/div>\n\t\t<\/div>\n\t\t\t\t\t\t\t\t<\/div>\n\t\t\t\t\t<\/div>\n\t\t<\/section>\n\t\t\t\t\t\t\t\t\t<\/div>\n\t\t\t<\/div>\n\t\t\t\t\t<\/div>\n\t\t","protected":false},"excerpt":{"rendered":"<p>Angaben gem\u00e4\u00df \u00a75 TMG Vereinsanschrift: Wattenscheider Rollsport Club 1948 e.V.Diana Schl\u00fcter Fahrenheitsstr.40A 44879 Bochum E-Mail: d_schlueter@wattenscheider-rsc.de Registereintrag: Vereinsregister: Amtsgericht BochumRegisternummer: VR1647 Bankverbindung:Sparkasse Bochum IBAN:DE97430500010000931196 Vertreten durch &#8211; Vorstand im Sinne des \u00a7 26 BGB&#46;&#46;&#46;<\/p>\n","protected":false},"author":1,"featured_media":0,"parent":0,"menu_order":0,"comment_status":"closed","ping_status":"closed","template":"","meta":{"_editorskit_title_hidden":false,"_editorskit_reading_time":2,"_editorskit_typography_data":[],"_editorskit_blocks_typography":"","_editorskit_is_block_options_detached":false,"_editorskit_block_options_position":"{}"},"yoast_head":"<!-- This site is optimized with the Yoast SEO plugin v18.8 - https:\/\/yoast.com\/wordpress\/plugins\/seo\/ -->\n<title>Impressum - Wattenscheider Rollsport Club 1948 e.V.<\/title>\n<meta name=\"robots\" content=\"noindex, follow\" \/>\n<meta property=\"og:locale\" content=\"de_DE\" \/>\n<meta property=\"og:type\" content=\"article\" \/>\n<meta property=\"og:title\" content=\"Impressum - Wattenscheider Rollsport Club 1948 e.V.\" \/>\n<meta property=\"og:description\" content=\"Angaben gem\u00e4\u00df \u00a75 TMG Vereinsanschrift: Wattenscheider Rollsport Club 1948 e.V.Diana Schl\u00fcter Fahrenheitsstr.40A 44879 Bochum E-Mail: d_schlueter@wattenscheider-rsc.de Registereintrag: Vereinsregister: Amtsgericht BochumRegisternummer: VR1647 Bankverbindung:Sparkasse Bochum IBAN:DE97430500010000931196 Vertreten durch &#8211; Vorstand im Sinne des \u00a7 26 BGB&#046;&#046;&#046;\" \/>\n<meta property=\"og:url\" content=\"https:\/\/wattenscheider-rsc.de\/?page_id=162\" \/>\n<meta property=\"og:site_name\" content=\"Wattenscheider Rollsport Club 1948 e.V.\" \/>\n<meta property=\"article:modified_time\" content=\"2023-02-20T13:22:24+00:00\" \/>\n<meta name=\"twitter:card\" content=\"summary_large_image\" \/>\n<meta name=\"twitter:label1\" content=\"Gesch\u00e4tzte Lesezeit\" \/>\n\t<meta name=\"twitter:data1\" content=\"3\u00a0Minuten\" \/>\n<script type=\"application\/ld+json\" class=\"yoast-schema-graph\">{\"@context\":\"https:\/\/schema.org\",\"@graph\":[{\"@type\":\"Organization\",\"@id\":\"https:\/\/wattenscheider-rsc.de\/#organization\",\"name\":\"Wattenscheider-RSC\",\"url\":\"https:\/\/wattenscheider-rsc.de\/\",\"sameAs\":[],\"logo\":{\"@type\":\"ImageObject\",\"inLanguage\":\"de\",\"@id\":\"https:\/\/wattenscheider-rsc.de\/#\/schema\/logo\/image\/\",\"url\":\"https:\/\/wattenscheider-rsc.de\/wp-content\/uploads\/2018\/06\/Logo_RSC-pdf.jpg\",\"contentUrl\":\"https:\/\/wattenscheider-rsc.de\/wp-content\/uploads\/2018\/06\/Logo_RSC-pdf.jpg\",\"caption\":\"Wattenscheider-RSC\"},\"image\":{\"@id\":\"https:\/\/wattenscheider-rsc.de\/#\/schema\/logo\/image\/\"}},{\"@type\":\"WebSite\",\"@id\":\"https:\/\/wattenscheider-rsc.de\/#website\",\"url\":\"https:\/\/wattenscheider-rsc.de\/\",\"name\":\"Wattenscheider Rollsport Club 1948 e.V.\",\"description\":\"\",\"publisher\":{\"@id\":\"https:\/\/wattenscheider-rsc.de\/#organization\"},\"potentialAction\":[{\"@type\":\"SearchAction\",\"target\":{\"@type\":\"EntryPoint\",\"urlTemplate\":\"https:\/\/wattenscheider-rsc.de\/?s={search_term_string}\"},\"query-input\":\"required name=search_term_string\"}],\"inLanguage\":\"de\"},{\"@type\":\"WebPage\",\"@id\":\"https:\/\/wattenscheider-rsc.de\/?page_id=162#webpage\",\"url\":\"https:\/\/wattenscheider-rsc.de\/?page_id=162\",\"name\":\"Impressum - Wattenscheider Rollsport Club 1948 e.V.\",\"isPartOf\":{\"@id\":\"https:\/\/wattenscheider-rsc.de\/#website\"},\"datePublished\":\"2018-03-16T16:34:24+00:00\",\"dateModified\":\"2023-02-20T13:22:24+00:00\",\"breadcrumb\":{\"@id\":\"https:\/\/wattenscheider-rsc.de\/?page_id=162#breadcrumb\"},\"inLanguage\":\"de\",\"potentialAction\":[{\"@type\":\"ReadAction\",\"target\":[\"https:\/\/wattenscheider-rsc.de\/?page_id=162\"]}]},{\"@type\":\"BreadcrumbList\",\"@id\":\"https:\/\/wattenscheider-rsc.de\/?page_id=162#breadcrumb\",\"itemListElement\":[{\"@type\":\"ListItem\",\"position\":1,\"name\":\"Startseite\",\"item\":\"https:\/\/wattenscheider-rsc.de\/\"},{\"@type\":\"ListItem\",\"position\":2,\"name\":\"Impressum\"}]}]}<\/script>\n<!-- \/ Yoast SEO plugin. -->","yoast_head_json":{"title":"Impressum - Wattenscheider Rollsport Club 1948 e.V.","robots":{"index":"noindex","follow":"follow"},"og_locale":"de_DE","og_type":"article","og_title":"Impressum - Wattenscheider Rollsport Club 1948 e.V.","og_description":"Angaben gem\u00e4\u00df \u00a75 TMG Vereinsanschrift: Wattenscheider Rollsport Club 1948 e.V.Diana Schl\u00fcter Fahrenheitsstr.40A 44879 Bochum E-Mail: d_schlueter@wattenscheider-rsc.de Registereintrag: Vereinsregister: Amtsgericht BochumRegisternummer: VR1647 Bankverbindung:Sparkasse Bochum IBAN:DE97430500010000931196 Vertreten durch &#8211; Vorstand im Sinne des \u00a7 26 BGB&#46;&#46;&#46;","og_url":"https:\/\/wattenscheider-rsc.de\/?page_id=162","og_site_name":"Wattenscheider Rollsport Club 1948 e.V.","article_modified_time":"2023-02-20T13:22:24+00:00","twitter_card":"summary_large_image","twitter_misc":{"Gesch\u00e4tzte Lesezeit":"3\u00a0Minuten"},"schema":{"@context":"https:\/\/schema.org","@graph":[{"@type":"Organization","@id":"https:\/\/wattenscheider-rsc.de\/#organization","name":"Wattenscheider-RSC","url":"https:\/\/wattenscheider-rsc.de\/","sameAs":[],"logo":{"@type":"ImageObject","inLanguage":"de","@id":"https:\/\/wattenscheider-rsc.de\/#\/schema\/logo\/image\/","url":"https:\/\/wattenscheider-rsc.de\/wp-content\/uploads\/2018\/06\/Logo_RSC-pdf.jpg","contentUrl":"https:\/\/wattenscheider-rsc.de\/wp-content\/uploads\/2018\/06\/Logo_RSC-pdf.jpg","caption":"Wattenscheider-RSC"},"image":{"@id":"https:\/\/wattenscheider-rsc.de\/#\/schema\/logo\/image\/"}},{"@type":"WebSite","@id":"https:\/\/wattenscheider-rsc.de\/#website","url":"https:\/\/wattenscheider-rsc.de\/","name":"Wattenscheider Rollsport Club 1948 e.V.","description":"","publisher":{"@id":"https:\/\/wattenscheider-rsc.de\/#organization"},"potentialAction":[{"@type":"SearchAction","target":{"@type":"EntryPoint","urlTemplate":"https:\/\/wattenscheider-rsc.de\/?s={search_term_string}"},"query-input":"required name=search_term_string"}],"inLanguage":"de"},{"@type":"WebPage","@id":"https:\/\/wattenscheider-rsc.de\/?page_id=162#webpage","url":"https:\/\/wattenscheider-rsc.de\/?page_id=162","name":"Impressum - Wattenscheider Rollsport Club 1948 e.V.","isPartOf":{"@id":"https:\/\/wattenscheider-rsc.de\/#website"},"datePublished":"2018-03-16T16:34:24+00:00","dateModified":"2023-02-20T13:22:24+00:00","breadcrumb":{"@id":"https:\/\/wattenscheider-rsc.de\/?page_id=162#breadcrumb"},"inLanguage":"de","potentialAction":[{"@type":"ReadAction","target":["https:\/\/wattenscheider-rsc.de\/?page_id=162"]}]},{"@type":"BreadcrumbList","@id":"https:\/\/wattenscheider-rsc.de\/?page_id=162#breadcrumb","itemListElement":[{"@type":"ListItem","position":1,"name":"Startseite","item":"https:\/\/wattenscheider-rsc.de\/"},{"@type":"ListItem","position":2,"name":"Impressum"}]}]}},"_links":{"self":[{"href":"https:\/\/wattenscheider-rsc.de\/index.php?rest_route=\/wp\/v2\/pages\/162"}],"collection":[{"href":"https:\/\/wattenscheider-rsc.de\/index.php?rest_route=\/wp\/v2\/pages"}],"about":[{"href":"https:\/\/wattenscheider-rsc.de\/index.php?rest_route=\/wp\/v2\/types\/page"}],"author":[{"embeddable":true,"href":"https:\/\/wattenscheider-rsc.de\/index.php?rest_route=\/wp\/v2\/users\/1"}],"replies":[{"embeddable":true,"href":"https:\/\/wattenscheider-rsc.de\/index.php?rest_route=%2Fwp%2Fv2%2Fcomments&post=162"}],"version-history":[{"count":21,"href":"https:\/\/wattenscheider-rsc.de\/index.php?rest_route=\/wp\/v2\/pages\/162\/revisions"}],"predecessor-version":[{"id":692,"href":"https:\/\/wattenscheider-rsc.de\/index.php?rest_route=\/wp\/v2\/pages\/162\/revisions\/692"}],"wp:attachment":[{"href":"https:\/\/wattenscheider-rsc.de\/index.php?rest_route=%2Fwp%2Fv2%2Fmedia&parent=162"}],"curies":[{"name":"wp","href":"https:\/\/api.w.org\/{rel}","templated":true}]}}