{"id":312,"date":"2018-06-08T09:09:34","date_gmt":"2018-06-08T09:09:34","guid":{"rendered":"https:\/\/wattenscheider-rsc.de\/?page_id=312"},"modified":"2018-06-08T09:13:31","modified_gmt":"2018-06-08T09:13:31","slug":"trainingsgruppen","status":"publish","type":"page","link":"https:\/\/wattenscheider-rsc.de\/?page_id=312","title":{"rendered":"Trainingsgruppen"},"content":{"rendered":"<div id=\"fb-root\"><\/div>\n<p><strong><span style=\"color: #000000;\">Anf\u00e4nger:<\/span><\/strong><br \/>\n<span style=\"color: #000000;\">Hier werden die Kinder in das Rollschuhlaufen eingef\u00fchrt. Sie erlernen die ersten Grundz\u00fcge: angefangen vom ersten Laufen, \u00fcber das Bremsen bis hin zu den ersten Elementen ist f\u00fcr alle etwas dabei.<\/span><\/p>\n<p><strong><span style=\"color: #000000;\">Anw\u00e4rter:<\/span><\/strong><br \/>\n<span style=\"color: #000000;\">Hier trainieren Kinder, bei denen das Ziel verfolgt wird in der A-Schiene des Rollkunstlaufens zu starten. Das heisst, den Sport als Leistungssport zu betreiben und sowohl national als auch international auf Wettbewerben laufen zu k\u00f6nnen. In diese Gruppe werden Kinder eingeteilt, die einem vom Rollsportverband vorgegebenem Alter entsprechen und bei denen die Trainer\/innen ein gewisses Potenzial erkennen.<\/span><\/p>\n<p><strong><span style=\"color: #000000;\">Fortgeschrittene:<\/span><\/strong><br \/>\n<span style=\"color: #000000;\">Hier erhalten die Kinder ihre ersten K\u00fcren. Dort lernen sie, zu Musik eine einstudierte Choreographie zu laufen und diese auf Wettbewerben zu zeigen.<\/span><\/p>\n<p><strong><span style=\"color: #000000;\">Leistungsgruppe:<\/span><\/strong><br \/>\n<span style=\"color: #000000;\">Hier laufen die Kinder, die in den Laufgruppen Figurenl\u00e4ufer und h\u00f6her auf Wettbewerben starten. Sie trainieren letztendlich alle Spr\u00fcnge und Pirouetten , die der Rollsport zu bieten hat. Wie bei den Anw\u00e4rtern geht es auch hier vor allem darum, den Rollkunstlauf als Leistungssport auszu\u00fcben.<\/span><\/p>\n","protected":false},"excerpt":{"rendered":"<p>Anf\u00e4nger: Hier werden die Kinder in das Rollschuhlaufen eingef\u00fchrt. Sie erlernen die ersten Grundz\u00fcge: angefangen vom ersten Laufen, \u00fcber das Bremsen bis hin zu den ersten Elementen ist f\u00fcr alle etwas dabei. Anw\u00e4rter: Hier&#46;&#46;&#46;<\/p>\n","protected":false},"author":1,"featured_media":0,"parent":37,"menu_order":6,"comment_status":"closed","ping_status":"closed","template":"","meta":{"_editorskit_title_hidden":false,"_editorskit_reading_time":0,"_editorskit_typography_data":[],"_editorskit_blocks_typography":"","_editorskit_is_block_options_detached":false,"_editorskit_block_options_position":"{}"},"yoast_head":"<!-- This site is optimized with the Yoast SEO plugin v18.8 - https:\/\/yoast.com\/wordpress\/plugins\/seo\/ -->\n<title>Trainingsgruppen - Wattenscheider Rollsport Club 1948 e.V.<\/title>\n<meta name=\"robots\" content=\"noindex, follow\" \/>\n<meta property=\"og:locale\" content=\"de_DE\" \/>\n<meta property=\"og:type\" content=\"article\" \/>\n<meta property=\"og:title\" content=\"Trainingsgruppen - Wattenscheider Rollsport Club 1948 e.V.\" \/>\n<meta property=\"og:description\" content=\"Anf\u00e4nger: Hier werden die Kinder in das Rollschuhlaufen eingef\u00fchrt. Sie erlernen die ersten Grundz\u00fcge: angefangen vom ersten Laufen, \u00fcber das Bremsen bis hin zu den ersten Elementen ist f\u00fcr alle etwas dabei. Anw\u00e4rter: Hier&#046;&#046;&#046;\" \/>\n<meta property=\"og:url\" content=\"https:\/\/wattenscheider-rsc.de\/?page_id=312\" \/>\n<meta property=\"og:site_name\" content=\"Wattenscheider Rollsport Club 1948 e.V.\" \/>\n<meta property=\"article:modified_time\" content=\"2018-06-08T09:13:31+00:00\" \/>\n<meta name=\"twitter:card\" content=\"summary_large_image\" \/>\n<meta name=\"twitter:label1\" content=\"Gesch\u00e4tzte Lesezeit\" \/>\n\t<meta name=\"twitter:data1\" content=\"1\u00a0Minute\" \/>\n<script type=\"application\/ld+json\" class=\"yoast-schema-graph\">{\"@context\":\"https:\/\/schema.org\",\"@graph\":[{\"@type\":\"Organization\",\"@id\":\"https:\/\/wattenscheider-rsc.de\/#organization\",\"name\":\"Wattenscheider-RSC\",\"url\":\"https:\/\/wattenscheider-rsc.de\/\",\"sameAs\":[],\"logo\":{\"@type\":\"ImageObject\",\"inLanguage\":\"de\",\"@id\":\"https:\/\/wattenscheider-rsc.de\/#\/schema\/logo\/image\/\",\"url\":\"https:\/\/wattenscheider-rsc.de\/wp-content\/uploads\/2018\/06\/Logo_RSC-pdf.jpg\",\"contentUrl\":\"https:\/\/wattenscheider-rsc.de\/wp-content\/uploads\/2018\/06\/Logo_RSC-pdf.jpg\",\"caption\":\"Wattenscheider-RSC\"},\"image\":{\"@id\":\"https:\/\/wattenscheider-rsc.de\/#\/schema\/logo\/image\/\"}},{\"@type\":\"WebSite\",\"@id\":\"https:\/\/wattenscheider-rsc.de\/#website\",\"url\":\"https:\/\/wattenscheider-rsc.de\/\",\"name\":\"Wattenscheider Rollsport Club 1948 e.V.\",\"description\":\"\",\"publisher\":{\"@id\":\"https:\/\/wattenscheider-rsc.de\/#organization\"},\"potentialAction\":[{\"@type\":\"SearchAction\",\"target\":{\"@type\":\"EntryPoint\",\"urlTemplate\":\"https:\/\/wattenscheider-rsc.de\/?s={search_term_string}\"},\"query-input\":\"required name=search_term_string\"}],\"inLanguage\":\"de\"},{\"@type\":\"WebPage\",\"@id\":\"https:\/\/wattenscheider-rsc.de\/?page_id=312#webpage\",\"url\":\"https:\/\/wattenscheider-rsc.de\/?page_id=312\",\"name\":\"Trainingsgruppen - Wattenscheider Rollsport Club 1948 e.V.\",\"isPartOf\":{\"@id\":\"https:\/\/wattenscheider-rsc.de\/#website\"},\"datePublished\":\"2018-06-08T09:09:34+00:00\",\"dateModified\":\"2018-06-08T09:13:31+00:00\",\"breadcrumb\":{\"@id\":\"https:\/\/wattenscheider-rsc.de\/?page_id=312#breadcrumb\"},\"inLanguage\":\"de\",\"potentialAction\":[{\"@type\":\"ReadAction\",\"target\":[\"https:\/\/wattenscheider-rsc.de\/?page_id=312\"]}]},{\"@type\":\"BreadcrumbList\",\"@id\":\"https:\/\/wattenscheider-rsc.de\/?page_id=312#breadcrumb\",\"itemListElement\":[{\"@type\":\"ListItem\",\"position\":1,\"name\":\"Startseite\",\"item\":\"https:\/\/wattenscheider-rsc.de\/\"},{\"@type\":\"ListItem\",\"position\":2,\"name\":\"UNSER VEREIN\",\"item\":\"https:\/\/wattenscheider-rsc.de\/?page_id=37\"},{\"@type\":\"ListItem\",\"position\":3,\"name\":\"Trainingsgruppen\"}]}]}<\/script>\n<!-- \/ Yoast SEO plugin. -->","yoast_head_json":{"title":"Trainingsgruppen - Wattenscheider Rollsport Club 1948 e.V.","robots":{"index":"noindex","follow":"follow"},"og_locale":"de_DE","og_type":"article","og_title":"Trainingsgruppen - Wattenscheider Rollsport Club 1948 e.V.","og_description":"Anf\u00e4nger: Hier werden die Kinder in das Rollschuhlaufen eingef\u00fchrt. Sie erlernen die ersten Grundz\u00fcge: angefangen vom ersten Laufen, \u00fcber das Bremsen bis hin zu den ersten Elementen ist f\u00fcr alle etwas dabei. Anw\u00e4rter: Hier&#46;&#46;&#46;","og_url":"https:\/\/wattenscheider-rsc.de\/?page_id=312","og_site_name":"Wattenscheider Rollsport Club 1948 e.V.","article_modified_time":"2018-06-08T09:13:31+00:00","twitter_card":"summary_large_image","twitter_misc":{"Gesch\u00e4tzte Lesezeit":"1\u00a0Minute"},"schema":{"@context":"https:\/\/schema.org","@graph":[{"@type":"Organization","@id":"https:\/\/wattenscheider-rsc.de\/#organization","name":"Wattenscheider-RSC","url":"https:\/\/wattenscheider-rsc.de\/","sameAs":[],"logo":{"@type":"ImageObject","inLanguage":"de","@id":"https:\/\/wattenscheider-rsc.de\/#\/schema\/logo\/image\/","url":"https:\/\/wattenscheider-rsc.de\/wp-content\/uploads\/2018\/06\/Logo_RSC-pdf.jpg","contentUrl":"https:\/\/wattenscheider-rsc.de\/wp-content\/uploads\/2018\/06\/Logo_RSC-pdf.jpg","caption":"Wattenscheider-RSC"},"image":{"@id":"https:\/\/wattenscheider-rsc.de\/#\/schema\/logo\/image\/"}},{"@type":"WebSite","@id":"https:\/\/wattenscheider-rsc.de\/#website","url":"https:\/\/wattenscheider-rsc.de\/","name":"Wattenscheider Rollsport Club 1948 e.V.","description":"","publisher":{"@id":"https:\/\/wattenscheider-rsc.de\/#organization"},"potentialAction":[{"@type":"SearchAction","target":{"@type":"EntryPoint","urlTemplate":"https:\/\/wattenscheider-rsc.de\/?s={search_term_string}"},"query-input":"required name=search_term_string"}],"inLanguage":"de"},{"@type":"WebPage","@id":"https:\/\/wattenscheider-rsc.de\/?page_id=312#webpage","url":"https:\/\/wattenscheider-rsc.de\/?page_id=312","name":"Trainingsgruppen - Wattenscheider Rollsport Club 1948 e.V.","isPartOf":{"@id":"https:\/\/wattenscheider-rsc.de\/#website"},"datePublished":"2018-06-08T09:09:34+00:00","dateModified":"2018-06-08T09:13:31+00:00","breadcrumb":{"@id":"https:\/\/wattenscheider-rsc.de\/?page_id=312#breadcrumb"},"inLanguage":"de","potentialAction":[{"@type":"ReadAction","target":["https:\/\/wattenscheider-rsc.de\/?page_id=312"]}]},{"@type":"BreadcrumbList","@id":"https:\/\/wattenscheider-rsc.de\/?page_id=312#breadcrumb","itemListElement":[{"@type":"ListItem","position":1,"name":"Startseite","item":"https:\/\/wattenscheider-rsc.de\/"},{"@type":"ListItem","position":2,"name":"UNSER VEREIN","item":"https:\/\/wattenscheider-rsc.de\/?page_id=37"},{"@type":"ListItem","position":3,"name":"Trainingsgruppen"}]}]}},"_links":{"self":[{"href":"https:\/\/wattenscheider-rsc.de\/index.php?rest_route=\/wp\/v2\/pages\/312"}],"collection":[{"href":"https:\/\/wattenscheider-rsc.de\/index.php?rest_route=\/wp\/v2\/pages"}],"about":[{"href":"https:\/\/wattenscheider-rsc.de\/index.php?rest_route=\/wp\/v2\/types\/page"}],"author":[{"embeddable":true,"href":"https:\/\/wattenscheider-rsc.de\/index.php?rest_route=\/wp\/v2\/users\/1"}],"replies":[{"embeddable":true,"href":"https:\/\/wattenscheider-rsc.de\/index.php?rest_route=%2Fwp%2Fv2%2Fcomments&post=312"}],"version-history":[{"count":2,"href":"https:\/\/wattenscheider-rsc.de\/index.php?rest_route=\/wp\/v2\/pages\/312\/revisions"}],"predecessor-version":[{"id":315,"href":"https:\/\/wattenscheider-rsc.de\/index.php?rest_route=\/wp\/v2\/pages\/312\/revisions\/315"}],"up":[{"embeddable":true,"href":"https:\/\/wattenscheider-rsc.de\/index.php?rest_route=\/wp\/v2\/pages\/37"}],"wp:attachment":[{"href":"https:\/\/wattenscheider-rsc.de\/index.php?rest_route=%2Fwp%2Fv2%2Fmedia&parent=312"}],"curies":[{"name":"wp","href":"https:\/\/api.w.org\/{rel}","templated":true}]}}