{"id":360,"date":"2018-06-08T12:49:34","date_gmt":"2018-06-08T12:49:34","guid":{"rendered":"https:\/\/wattenscheider-rsc.de\/?page_id=360"},"modified":"2018-06-08T12:57:41","modified_gmt":"2018-06-08T12:57:41","slug":"geschichte","status":"publish","type":"page","link":"https:\/\/wattenscheider-rsc.de\/?page_id=360","title":{"rendered":"Geschichte"},"content":{"rendered":"<div id=\"fb-root\"><\/div>\n<p><img loading=\"lazy\" class=\"alignleft wp-image-70\" src=\"https:\/\/wattenscheider-rsc.de\/wp-content\/uploads\/2018\/02\/a_rollschuhbahn1_1-e1528451594784.jpg\" alt=\"\" width=\"187\" height=\"108\" \/>Der WRSC wurde 1948 im Lokal Langenbeck auf der Voedestrasse in Bochum-Wattenscheid gegr\u00fcndet.<br \/>\nEs folgte die Fertigstellung der 1. Wattenscheider Rollsportbahn am Bu\u00dfmannsweg im Jahr 1950.<br \/>\nHier fanden Schaulaufveranstaltungen u.a. mit Weltmeister Baran-Falk, Lotte Cadenbach, Kilius-Ningel mit bis zu 5000 Zuschauern statt. 1960 erfolgte die Halbierung der Rollschuhbahn aufgrund des Baus des Hallenschwimmbades. Dennoch verzeichnete der Verein weiterhin gro\u00dfe Erfolge u.a. mit Traudlinde Ritter.<br \/>\nIm Jahr 1996 fand der 1. Wattenscheider K\u00fcrwettbewerb zu Ehren von Frieda-Else Ritter statt. Dieser Wettbewerb wird auch heute noch j\u00e4hrlich ausgetragen. 1998 feierte man das 50-j\u00e4hrige Bestehen des WRSC mit einer gro\u00dfen Schaulaufveranstaltung vor ausverkauften R\u00e4ngen. 2002 wurde die neue Au\u00dfenbahn neben der Realschule an der H\u00f6ntroper Stra\u00dfe fertiggestellt, wo der Verein auch heute noch beheimatet ist. Nach wie vor nehmen unsere L\u00e4ufer\/innen erfolgreich an Wettbewerben, Landes- und deutschen Meisterschaften teil.<\/p>\n","protected":false},"excerpt":{"rendered":"<p>Der WRSC wurde 1948 im Lokal Langenbeck auf der Voedestrasse in Bochum-Wattenscheid gegr\u00fcndet. Es folgte die Fertigstellung der 1. Wattenscheider Rollsportbahn am Bu\u00dfmannsweg im Jahr 1950. Hier fanden Schaulaufveranstaltungen u.a. mit Weltmeister Baran-Falk, Lotte&#46;&#46;&#46;<\/p>\n","protected":false},"author":1,"featured_media":0,"parent":0,"menu_order":0,"comment_status":"closed","ping_status":"closed","template":"","meta":{"_editorskit_title_hidden":false,"_editorskit_reading_time":0,"_editorskit_typography_data":[],"_editorskit_blocks_typography":"","_editorskit_is_block_options_detached":false,"_editorskit_block_options_position":"{}"},"yoast_head":"<!-- This site is optimized with the Yoast SEO plugin v18.8 - https:\/\/yoast.com\/wordpress\/plugins\/seo\/ -->\n<title>Geschichte - Wattenscheider Rollsport Club 1948 e.V.<\/title>\n<meta name=\"robots\" content=\"noindex, follow\" \/>\n<meta property=\"og:locale\" content=\"de_DE\" \/>\n<meta property=\"og:type\" content=\"article\" \/>\n<meta property=\"og:title\" content=\"Geschichte - Wattenscheider Rollsport Club 1948 e.V.\" \/>\n<meta property=\"og:description\" content=\"Der WRSC wurde 1948 im Lokal Langenbeck auf der Voedestrasse in Bochum-Wattenscheid gegr\u00fcndet. Es folgte die Fertigstellung der 1. Wattenscheider Rollsportbahn am Bu\u00dfmannsweg im Jahr 1950. Hier fanden Schaulaufveranstaltungen u.a. mit Weltmeister Baran-Falk, Lotte&#046;&#046;&#046;\" \/>\n<meta property=\"og:url\" content=\"https:\/\/wattenscheider-rsc.de\/?page_id=360\" \/>\n<meta property=\"og:site_name\" content=\"Wattenscheider Rollsport Club 1948 e.V.\" \/>\n<meta property=\"article:modified_time\" content=\"2018-06-08T12:57:41+00:00\" \/>\n<meta property=\"og:image\" content=\"https:\/\/wattenscheider-rsc.de\/wp-content\/uploads\/2018\/02\/a_rollschuhbahn1_1-e1528451594784.jpg\" \/>\n<meta name=\"twitter:card\" content=\"summary_large_image\" \/>\n<meta name=\"twitter:label1\" content=\"Gesch\u00e4tzte Lesezeit\" \/>\n\t<meta name=\"twitter:data1\" content=\"1\u00a0Minute\" \/>\n<script type=\"application\/ld+json\" class=\"yoast-schema-graph\">{\"@context\":\"https:\/\/schema.org\",\"@graph\":[{\"@type\":\"Organization\",\"@id\":\"https:\/\/wattenscheider-rsc.de\/#organization\",\"name\":\"Wattenscheider-RSC\",\"url\":\"https:\/\/wattenscheider-rsc.de\/\",\"sameAs\":[],\"logo\":{\"@type\":\"ImageObject\",\"inLanguage\":\"de\",\"@id\":\"https:\/\/wattenscheider-rsc.de\/#\/schema\/logo\/image\/\",\"url\":\"https:\/\/wattenscheider-rsc.de\/wp-content\/uploads\/2018\/06\/Logo_RSC-pdf.jpg\",\"contentUrl\":\"https:\/\/wattenscheider-rsc.de\/wp-content\/uploads\/2018\/06\/Logo_RSC-pdf.jpg\",\"caption\":\"Wattenscheider-RSC\"},\"image\":{\"@id\":\"https:\/\/wattenscheider-rsc.de\/#\/schema\/logo\/image\/\"}},{\"@type\":\"WebSite\",\"@id\":\"https:\/\/wattenscheider-rsc.de\/#website\",\"url\":\"https:\/\/wattenscheider-rsc.de\/\",\"name\":\"Wattenscheider Rollsport Club 1948 e.V.\",\"description\":\"\",\"publisher\":{\"@id\":\"https:\/\/wattenscheider-rsc.de\/#organization\"},\"potentialAction\":[{\"@type\":\"SearchAction\",\"target\":{\"@type\":\"EntryPoint\",\"urlTemplate\":\"https:\/\/wattenscheider-rsc.de\/?s={search_term_string}\"},\"query-input\":\"required name=search_term_string\"}],\"inLanguage\":\"de\"},{\"@type\":\"ImageObject\",\"inLanguage\":\"de\",\"@id\":\"https:\/\/wattenscheider-rsc.de\/?page_id=360#primaryimage\",\"url\":\"https:\/\/wattenscheider-rsc.de\/wp-content\/uploads\/2018\/02\/a_rollschuhbahn1_1-e1528451594784.jpg\",\"contentUrl\":\"https:\/\/wattenscheider-rsc.de\/wp-content\/uploads\/2018\/02\/a_rollschuhbahn1_1-e1528451594784.jpg\",\"width\":163,\"height\":94},{\"@type\":\"WebPage\",\"@id\":\"https:\/\/wattenscheider-rsc.de\/?page_id=360#webpage\",\"url\":\"https:\/\/wattenscheider-rsc.de\/?page_id=360\",\"name\":\"Geschichte - Wattenscheider Rollsport Club 1948 e.V.\",\"isPartOf\":{\"@id\":\"https:\/\/wattenscheider-rsc.de\/#website\"},\"primaryImageOfPage\":{\"@id\":\"https:\/\/wattenscheider-rsc.de\/?page_id=360#primaryimage\"},\"datePublished\":\"2018-06-08T12:49:34+00:00\",\"dateModified\":\"2018-06-08T12:57:41+00:00\",\"breadcrumb\":{\"@id\":\"https:\/\/wattenscheider-rsc.de\/?page_id=360#breadcrumb\"},\"inLanguage\":\"de\",\"potentialAction\":[{\"@type\":\"ReadAction\",\"target\":[\"https:\/\/wattenscheider-rsc.de\/?page_id=360\"]}]},{\"@type\":\"BreadcrumbList\",\"@id\":\"https:\/\/wattenscheider-rsc.de\/?page_id=360#breadcrumb\",\"itemListElement\":[{\"@type\":\"ListItem\",\"position\":1,\"name\":\"Startseite\",\"item\":\"https:\/\/wattenscheider-rsc.de\/\"},{\"@type\":\"ListItem\",\"position\":2,\"name\":\"Geschichte\"}]}]}<\/script>\n<!-- \/ Yoast SEO plugin. -->","yoast_head_json":{"title":"Geschichte - Wattenscheider Rollsport Club 1948 e.V.","robots":{"index":"noindex","follow":"follow"},"og_locale":"de_DE","og_type":"article","og_title":"Geschichte - Wattenscheider Rollsport Club 1948 e.V.","og_description":"Der WRSC wurde 1948 im Lokal Langenbeck auf der Voedestrasse in Bochum-Wattenscheid gegr\u00fcndet. Es folgte die Fertigstellung der 1. Wattenscheider Rollsportbahn am Bu\u00dfmannsweg im Jahr 1950. Hier fanden Schaulaufveranstaltungen u.a. mit Weltmeister Baran-Falk, Lotte&#46;&#46;&#46;","og_url":"https:\/\/wattenscheider-rsc.de\/?page_id=360","og_site_name":"Wattenscheider Rollsport Club 1948 e.V.","article_modified_time":"2018-06-08T12:57:41+00:00","og_image":[{"url":"https:\/\/wattenscheider-rsc.de\/wp-content\/uploads\/2018\/02\/a_rollschuhbahn1_1-e1528451594784.jpg"}],"twitter_card":"summary_large_image","twitter_misc":{"Gesch\u00e4tzte Lesezeit":"1\u00a0Minute"},"schema":{"@context":"https:\/\/schema.org","@graph":[{"@type":"Organization","@id":"https:\/\/wattenscheider-rsc.de\/#organization","name":"Wattenscheider-RSC","url":"https:\/\/wattenscheider-rsc.de\/","sameAs":[],"logo":{"@type":"ImageObject","inLanguage":"de","@id":"https:\/\/wattenscheider-rsc.de\/#\/schema\/logo\/image\/","url":"https:\/\/wattenscheider-rsc.de\/wp-content\/uploads\/2018\/06\/Logo_RSC-pdf.jpg","contentUrl":"https:\/\/wattenscheider-rsc.de\/wp-content\/uploads\/2018\/06\/Logo_RSC-pdf.jpg","caption":"Wattenscheider-RSC"},"image":{"@id":"https:\/\/wattenscheider-rsc.de\/#\/schema\/logo\/image\/"}},{"@type":"WebSite","@id":"https:\/\/wattenscheider-rsc.de\/#website","url":"https:\/\/wattenscheider-rsc.de\/","name":"Wattenscheider Rollsport Club 1948 e.V.","description":"","publisher":{"@id":"https:\/\/wattenscheider-rsc.de\/#organization"},"potentialAction":[{"@type":"SearchAction","target":{"@type":"EntryPoint","urlTemplate":"https:\/\/wattenscheider-rsc.de\/?s={search_term_string}"},"query-input":"required name=search_term_string"}],"inLanguage":"de"},{"@type":"ImageObject","inLanguage":"de","@id":"https:\/\/wattenscheider-rsc.de\/?page_id=360#primaryimage","url":"https:\/\/wattenscheider-rsc.de\/wp-content\/uploads\/2018\/02\/a_rollschuhbahn1_1-e1528451594784.jpg","contentUrl":"https:\/\/wattenscheider-rsc.de\/wp-content\/uploads\/2018\/02\/a_rollschuhbahn1_1-e1528451594784.jpg","width":163,"height":94},{"@type":"WebPage","@id":"https:\/\/wattenscheider-rsc.de\/?page_id=360#webpage","url":"https:\/\/wattenscheider-rsc.de\/?page_id=360","name":"Geschichte - Wattenscheider Rollsport Club 1948 e.V.","isPartOf":{"@id":"https:\/\/wattenscheider-rsc.de\/#website"},"primaryImageOfPage":{"@id":"https:\/\/wattenscheider-rsc.de\/?page_id=360#primaryimage"},"datePublished":"2018-06-08T12:49:34+00:00","dateModified":"2018-06-08T12:57:41+00:00","breadcrumb":{"@id":"https:\/\/wattenscheider-rsc.de\/?page_id=360#breadcrumb"},"inLanguage":"de","potentialAction":[{"@type":"ReadAction","target":["https:\/\/wattenscheider-rsc.de\/?page_id=360"]}]},{"@type":"BreadcrumbList","@id":"https:\/\/wattenscheider-rsc.de\/?page_id=360#breadcrumb","itemListElement":[{"@type":"ListItem","position":1,"name":"Startseite","item":"https:\/\/wattenscheider-rsc.de\/"},{"@type":"ListItem","position":2,"name":"Geschichte"}]}]}},"_links":{"self":[{"href":"https:\/\/wattenscheider-rsc.de\/index.php?rest_route=\/wp\/v2\/pages\/360"}],"collection":[{"href":"https:\/\/wattenscheider-rsc.de\/index.php?rest_route=\/wp\/v2\/pages"}],"about":[{"href":"https:\/\/wattenscheider-rsc.de\/index.php?rest_route=\/wp\/v2\/types\/page"}],"author":[{"embeddable":true,"href":"https:\/\/wattenscheider-rsc.de\/index.php?rest_route=\/wp\/v2\/users\/1"}],"replies":[{"embeddable":true,"href":"https:\/\/wattenscheider-rsc.de\/index.php?rest_route=%2Fwp%2Fv2%2Fcomments&post=360"}],"version-history":[{"count":2,"href":"https:\/\/wattenscheider-rsc.de\/index.php?rest_route=\/wp\/v2\/pages\/360\/revisions"}],"predecessor-version":[{"id":384,"href":"https:\/\/wattenscheider-rsc.de\/index.php?rest_route=\/wp\/v2\/pages\/360\/revisions\/384"}],"wp:attachment":[{"href":"https:\/\/wattenscheider-rsc.de\/index.php?rest_route=%2Fwp%2Fv2%2Fmedia&parent=360"}],"curies":[{"name":"wp","href":"https:\/\/api.w.org\/{rel}","templated":true}]}}