{"id":394,"date":"2018-06-08T13:16:09","date_gmt":"2018-06-08T13:16:09","guid":{"rendered":"https:\/\/wattenscheider-rsc.de\/?page_id=394"},"modified":"2022-05-14T10:36:58","modified_gmt":"2022-05-14T08:36:58","slug":"elementor-394","status":"publish","type":"page","link":"https:\/\/wattenscheider-rsc.de\/","title":{"rendered":"WRSC &#8211; Wattenscheider Rollsport Club"},"content":{"rendered":"<div id=\"fb-root\"><\/div>\n<div class=\"wp-container-1 wp-block-group has-ek-typography\" style=\"\"><div class=\"wp-block-group__inner-container\">\n<p><img loading=\"lazy\" src=\"https:\/\/wattenscheider-rsc.de\/wp-content\/uploads\/2018\/02\/wrsc-logo_tr-e1518724052980.jpg\" alt=\"\" width=\"120\" height=\"129\"><\/p>\n<p><strong>Du liebst das Rollschuhlaufen, bist sportbegeistert und hast Spa\u00df an Bewegung??? Dann bist du bei uns genau richtig!!!<\/strong><\/p>\n<p>Rollkunstlauf ist eine vielseitige , elegante und kreative Sportart. Musikalische und t\u00e4nzerische Elemte, aber auch Konzentration und Koordination spielen eine gro\u00dfe Rolle. Rollkunstlauf f\u00f6rdert die Gesundheit,trainiert den Muskelaufbau, die Ausdauer und die K\u00f6rperspannung. Au\u00dferdem werden Ehrgeiz und Teamf\u00e4higkeit erlernt.<\/p>\n\n\n\n<hr class=\"wp-block-separator is-style-wide\">\n<h1 class=\"has-text-align-center\">24. Frieda-Else-Ritter K\u00fcrpokal<br>\n<\/h1>\n\n\n\n<div class=\"wp-block-image\"><figure class=\"aligncenter size-full is-resized\"><img loading=\"lazy\" src=\"https:\/\/wattenscheider-rsc.de\/wp-content\/uploads\/2022\/05\/facebook_1652446702044_6930863812171443768.jpg\" alt=\"\" class=\"wp-image-675\" width=\"608\" height=\"504\" srcset=\"https:\/\/wattenscheider-rsc.de\/wp-content\/uploads\/2022\/05\/facebook_1652446702044_6930863812171443768.jpg 422w, https:\/\/wattenscheider-rsc.de\/wp-content\/uploads\/2022\/05\/facebook_1652446702044_6930863812171443768-300x249.jpg 300w\" sizes=\"(max-width: 608px) 100vw, 608px\" \/><\/figure><\/div>\n\n\n\n<p class=\"has-text-align-center\"><strong><mark style=\"background-color:rgba(0, 0, 0, 0)\" class=\"has-inline-color has-black-color\">Am 14. und 15. Mai 2022 findet endlich unser 24. Frieda-Else-Ritter K\u00fcrpokal statt.<\/mark><\/strong><br><\/p>\n\n\n\n<p class=\"has-text-align-center\"><strong><mark style=\"background-color:rgba(0, 0, 0, 0)\" class=\"has-inline-color has-black-color\">Wir w\u00fcnschen allen Teilnehmern viel Erfolg!<\/mark><\/strong><br><br><br><strong><mark style=\"background-color:rgba(0, 0, 0, 0)\" class=\"has-inline-color has-vivid-red-color\">Ein kurzer Hinweis f\u00fcr alle Teilnehmer, Helfer und Zuschauer: <br>Es besteht Maskenpflicht in der Halle.<\/mark><\/strong><\/p>\n\n\n\n<h4 class=\"editorskit-no-desktop editorskit-no-tablet editorskit-no-mobile\"> Wattenscheider Rollsport Club goes Schaulaufen <\/h4>\n\n\n\n<h2 class=\"editorskit-no-desktop editorskit-no-tablet editorskit-no-mobile\"> Show kann endlich stattfinden <\/h2>\n\n\n\n<figure class=\"wp-block-image size-large editorskit-no-desktop editorskit-no-tablet editorskit-no-mobile\"><img loading=\"lazy\" width=\"724\" height=\"1024\" src=\"https:\/\/wattenscheider-rsc.de\/wp-content\/uploads\/2021\/10\/Plakat.DINA4_.web_.neu_-724x1024.jpg\" alt=\"\" class=\"wp-image-593\" srcset=\"https:\/\/wattenscheider-rsc.de\/wp-content\/uploads\/2021\/10\/Plakat.DINA4_.web_.neu_-724x1024.jpg 724w, https:\/\/wattenscheider-rsc.de\/wp-content\/uploads\/2021\/10\/Plakat.DINA4_.web_.neu_-212x300.jpg 212w, https:\/\/wattenscheider-rsc.de\/wp-content\/uploads\/2021\/10\/Plakat.DINA4_.web_.neu_-768x1086.jpg 768w, https:\/\/wattenscheider-rsc.de\/wp-content\/uploads\/2021\/10\/Plakat.DINA4_.web_.neu_.jpg 794w\" sizes=\"(max-width: 724px) 100vw, 724px\" \/><\/figure><p class=\"editorskit-no-desktop editorskit-no-tablet editorskit-no-mobile\">Endlich ist es soweit &#8211; Nachdem die Planungen f\u00fcr die neue Show eine Woche vor ihrer Premiere im Jahr 2020 pandemiebedingt gestoppt werden mussten, pr\u00e4sentiert der Wattenscheider Rollsport Club 1948 e.V. im Dezember seine komplett neu  inszenierte Show mit viel Musik, Kost\u00fcmen, Licht und nat\u00fcrlich den  Kindern und Jugendlichen des Rollsport Clubs. Unter der \u00dcberschrift <strong>WRSC goes Schaulaufen<\/strong>  laufen 60 Mitwirkende zur Musik der Musicalhits Aladdin, Cats, K\u00f6nig  der L\u00f6wen und We will rock you und pr\u00e4sentieren dabei als Solisten und  in aufregenden Formationen ihr K\u00f6nnen auf Rollschuhen.  <\/p>\n\n\n\n<p class=\"editorskit-no-desktop editorskit-no-tablet editorskit-no-mobile\">Die k\u00fcnstlerische  Leitung hat Denise Molle. <\/p>\n\n\n\n<p><\/p>\n\n\n\n<p class=\"editorskit-no-desktop editorskit-no-tablet editorskit-no-mobile\">Die Auff\u00fchrungen werden gezeigt am Samstag, den 18. Dezember 2021 und am  Sonntag, den 19.12.2021 jeweils um 15 Uhr. Der Eintritt kostet 8 Euro,  f\u00fcr Kinder zwischen 3 und 14 Jahren gib es eine Erm\u00e4\u00dfgung von 50%. Ort  ist das Sportzentrum Westenfeld an der Lohackerstra\u00dfe. Die gro\u00dfe  Sporthalle befindet sich in der 2. Etage und ist leider nicht  barrierefrei zu erreichen. Sprechen Sie uns bei Bedarf aber an.  <\/p>\n\n\n\n<p class=\"has-vivid-red-color has-text-color has-medium-font-size editorskit-no-desktop editorskit-no-tablet editorskit-no-mobile\"><mark style=\"background-color:rgba(0, 0, 0, 0);color:#cf2e2e\" class=\"has-inline-color\"><strong>All<\/strong><\/mark><strong><mark style=\"background-color:rgba(0, 0, 0, 0);color:#cf2e2e\" class=\"has-inline-color\">e bisher verkauften Tickets behalten selbstverst\u00e4ndlich ihre G\u00fcltigkeit f\u00fcr den entsprechenden Wochentag.<\/mark><\/strong><\/p>\n\n\n\n<p class=\"has-vivid-red-color has-text-color has-medium-font-size editorskit-no-desktop editorskit-no-tablet editorskit-no-mobile\"><strong>F\u00fcr einen reibungslosen Ablauf ist die Einhaltung des nachstehenden Hygieneplans an beiden Veranstaltungstagen zwingend erforderlich!<\/strong><\/p>\n\n\n\n<figure class=\"wp-block-image size-large editorskit-no-desktop editorskit-no-tablet editorskit-no-mobile\"><img loading=\"lazy\" width=\"724\" height=\"1024\" src=\"https:\/\/wattenscheider-rsc.de\/wp-content\/uploads\/2021\/12\/Hygienekonzept-Schaulaufen_0-724x1024.jpg\" alt=\"\" class=\"wp-image-644\" srcset=\"https:\/\/wattenscheider-rsc.de\/wp-content\/uploads\/2021\/12\/Hygienekonzept-Schaulaufen_0-724x1024.jpg 724w, https:\/\/wattenscheider-rsc.de\/wp-content\/uploads\/2021\/12\/Hygienekonzept-Schaulaufen_0-212x300.jpg 212w, https:\/\/wattenscheider-rsc.de\/wp-content\/uploads\/2021\/12\/Hygienekonzept-Schaulaufen_0-768x1086.jpg 768w, https:\/\/wattenscheider-rsc.de\/wp-content\/uploads\/2021\/12\/Hygienekonzept-Schaulaufen_0-1086x1536.jpg 1086w, https:\/\/wattenscheider-rsc.de\/wp-content\/uploads\/2021\/12\/Hygienekonzept-Schaulaufen_0-1448x2048.jpg 1448w, https:\/\/wattenscheider-rsc.de\/wp-content\/uploads\/2021\/12\/Hygienekonzept-Schaulaufen_0-scaled.jpg 1810w\" sizes=\"(max-width: 724px) 100vw, 724px\" \/><\/figure><hr class=\"wp-block-separator is-style-wide\">\n<div class=\"wp-block-file editorskit-no-desktop editorskit-no-tablet editorskit-no-mobile\">\n<a id=\"wp-block-file--media-247f4dca-51ea-4f4a-bd6b-6164b7c52114\" href=\"https:\/\/wattenscheider-rsc.de\/wp-content\/uploads\/2021\/12\/Hygienekonzept-Schaulaufen-3.doc\">Hygienekonzept-Schaulaufen<\/a><a href=\"https:\/\/wattenscheider-rsc.de\/wp-content\/uploads\/2021\/12\/Hygienekonzept-Schaulaufen-3.doc\" class=\"wp-block-file__button\" download aria-describedby=\"wp-block-file--media-247f4dca-51ea-4f4a-bd6b-6164b7c52114\">Herunterladen<\/a>\n<\/div>\n<\/div><\/div>\n\n\n\n","protected":false},"excerpt":{"rendered":"<p>Du liebst das Rollschuhlaufen, bist sportbegeistert und hast Spa\u00df an Bewegung??? Dann bist du bei uns genau richtig!!! Rollkunstlauf ist eine vielseitige , elegante und kreative Sportart. Musikalische und t\u00e4nzerische Elemte, aber auch Konzentration&#46;&#46;&#46;<\/p>\n","protected":false},"author":3,"featured_media":0,"parent":0,"menu_order":0,"comment_status":"closed","ping_status":"closed","template":"","meta":{"_editorskit_title_hidden":false,"_editorskit_reading_time":1,"_editorskit_typography_data":[],"_editorskit_blocks_typography":"","_editorskit_is_block_options_detached":false,"_editorskit_block_options_position":"{}"},"yoast_head":"<!-- This site is optimized with the Yoast SEO plugin v18.8 - https:\/\/yoast.com\/wordpress\/plugins\/seo\/ -->\n<title>WRSC - Wattenscheider Rollsport Club - Wattenscheider Rollsport Club 1948 e.V.<\/title>\n<meta name=\"robots\" content=\"noindex, follow\" \/>\n<meta property=\"og:locale\" content=\"de_DE\" \/>\n<meta property=\"og:type\" content=\"article\" \/>\n<meta property=\"og:title\" content=\"WRSC - Wattenscheider Rollsport Club - Wattenscheider Rollsport Club 1948 e.V.\" \/>\n<meta property=\"og:description\" content=\"Du liebst das Rollschuhlaufen, bist sportbegeistert und hast Spa\u00df an Bewegung??? Dann bist du bei uns genau richtig!!! Rollkunstlauf ist eine vielseitige , elegante und kreative Sportart. Musikalische und t\u00e4nzerische Elemte, aber auch Konzentration&#046;&#046;&#046;\" \/>\n<meta property=\"og:url\" content=\"https:\/\/wattenscheider-rsc.de\/\" \/>\n<meta property=\"og:site_name\" content=\"Wattenscheider Rollsport Club 1948 e.V.\" \/>\n<meta property=\"article:modified_time\" content=\"2022-05-14T08:36:58+00:00\" \/>\n<meta property=\"og:image\" content=\"https:\/\/wattenscheider-rsc.de\/wp-content\/uploads\/2018\/02\/wrsc-logo_tr-e1518724052980.jpg\" \/>\n<meta name=\"twitter:card\" content=\"summary_large_image\" \/>\n<meta name=\"twitter:label1\" content=\"Gesch\u00e4tzte Lesezeit\" \/>\n\t<meta name=\"twitter:data1\" content=\"3\u00a0Minuten\" \/>\n<script type=\"application\/ld+json\" class=\"yoast-schema-graph\">{\"@context\":\"https:\/\/schema.org\",\"@graph\":[{\"@type\":\"Organization\",\"@id\":\"https:\/\/wattenscheider-rsc.de\/#organization\",\"name\":\"Wattenscheider-RSC\",\"url\":\"https:\/\/wattenscheider-rsc.de\/\",\"sameAs\":[],\"logo\":{\"@type\":\"ImageObject\",\"inLanguage\":\"de\",\"@id\":\"https:\/\/wattenscheider-rsc.de\/#\/schema\/logo\/image\/\",\"url\":\"https:\/\/wattenscheider-rsc.de\/wp-content\/uploads\/2018\/06\/Logo_RSC-pdf.jpg\",\"contentUrl\":\"https:\/\/wattenscheider-rsc.de\/wp-content\/uploads\/2018\/06\/Logo_RSC-pdf.jpg\",\"caption\":\"Wattenscheider-RSC\"},\"image\":{\"@id\":\"https:\/\/wattenscheider-rsc.de\/#\/schema\/logo\/image\/\"}},{\"@type\":\"WebSite\",\"@id\":\"https:\/\/wattenscheider-rsc.de\/#website\",\"url\":\"https:\/\/wattenscheider-rsc.de\/\",\"name\":\"Wattenscheider Rollsport Club 1948 e.V.\",\"description\":\"\",\"publisher\":{\"@id\":\"https:\/\/wattenscheider-rsc.de\/#organization\"},\"potentialAction\":[{\"@type\":\"SearchAction\",\"target\":{\"@type\":\"EntryPoint\",\"urlTemplate\":\"https:\/\/wattenscheider-rsc.de\/?s={search_term_string}\"},\"query-input\":\"required name=search_term_string\"}],\"inLanguage\":\"de\"},{\"@type\":\"ImageObject\",\"inLanguage\":\"de\",\"@id\":\"https:\/\/wattenscheider-rsc.de\/#primaryimage\",\"url\":\"https:\/\/wattenscheider-rsc.de\/wp-content\/uploads\/2018\/02\/wrsc-logo_tr-e1518724052980.jpg\",\"contentUrl\":\"https:\/\/wattenscheider-rsc.de\/wp-content\/uploads\/2018\/02\/wrsc-logo_tr-e1518724052980.jpg\",\"width\":120,\"height\":129},{\"@type\":\"WebPage\",\"@id\":\"https:\/\/wattenscheider-rsc.de\/#webpage\",\"url\":\"https:\/\/wattenscheider-rsc.de\/\",\"name\":\"WRSC - Wattenscheider Rollsport Club - Wattenscheider Rollsport Club 1948 e.V.\",\"isPartOf\":{\"@id\":\"https:\/\/wattenscheider-rsc.de\/#website\"},\"primaryImageOfPage\":{\"@id\":\"https:\/\/wattenscheider-rsc.de\/#primaryimage\"},\"datePublished\":\"2018-06-08T13:16:09+00:00\",\"dateModified\":\"2022-05-14T08:36:58+00:00\",\"breadcrumb\":{\"@id\":\"https:\/\/wattenscheider-rsc.de\/#breadcrumb\"},\"inLanguage\":\"de\",\"potentialAction\":[{\"@type\":\"ReadAction\",\"target\":[\"https:\/\/wattenscheider-rsc.de\/\"]}]},{\"@type\":\"BreadcrumbList\",\"@id\":\"https:\/\/wattenscheider-rsc.de\/#breadcrumb\",\"itemListElement\":[{\"@type\":\"ListItem\",\"position\":1,\"name\":\"Startseite\",\"item\":\"https:\/\/wattenscheider-rsc.de\/\"},{\"@type\":\"ListItem\",\"position\":2,\"name\":\"WRSC &#8211; Wattenscheider Rollsport Club\"}]}]}<\/script>\n<!-- \/ Yoast SEO plugin. -->","yoast_head_json":{"title":"WRSC - Wattenscheider Rollsport Club - Wattenscheider Rollsport Club 1948 e.V.","robots":{"index":"noindex","follow":"follow"},"og_locale":"de_DE","og_type":"article","og_title":"WRSC - Wattenscheider Rollsport Club - Wattenscheider Rollsport Club 1948 e.V.","og_description":"Du liebst das Rollschuhlaufen, bist sportbegeistert und hast Spa\u00df an Bewegung??? Dann bist du bei uns genau richtig!!! Rollkunstlauf ist eine vielseitige , elegante und kreative Sportart. Musikalische und t\u00e4nzerische Elemte, aber auch Konzentration&#46;&#46;&#46;","og_url":"https:\/\/wattenscheider-rsc.de\/","og_site_name":"Wattenscheider Rollsport Club 1948 e.V.","article_modified_time":"2022-05-14T08:36:58+00:00","og_image":[{"url":"https:\/\/wattenscheider-rsc.de\/wp-content\/uploads\/2018\/02\/wrsc-logo_tr-e1518724052980.jpg"}],"twitter_card":"summary_large_image","twitter_misc":{"Gesch\u00e4tzte Lesezeit":"3\u00a0Minuten"},"schema":{"@context":"https:\/\/schema.org","@graph":[{"@type":"Organization","@id":"https:\/\/wattenscheider-rsc.de\/#organization","name":"Wattenscheider-RSC","url":"https:\/\/wattenscheider-rsc.de\/","sameAs":[],"logo":{"@type":"ImageObject","inLanguage":"de","@id":"https:\/\/wattenscheider-rsc.de\/#\/schema\/logo\/image\/","url":"https:\/\/wattenscheider-rsc.de\/wp-content\/uploads\/2018\/06\/Logo_RSC-pdf.jpg","contentUrl":"https:\/\/wattenscheider-rsc.de\/wp-content\/uploads\/2018\/06\/Logo_RSC-pdf.jpg","caption":"Wattenscheider-RSC"},"image":{"@id":"https:\/\/wattenscheider-rsc.de\/#\/schema\/logo\/image\/"}},{"@type":"WebSite","@id":"https:\/\/wattenscheider-rsc.de\/#website","url":"https:\/\/wattenscheider-rsc.de\/","name":"Wattenscheider Rollsport Club 1948 e.V.","description":"","publisher":{"@id":"https:\/\/wattenscheider-rsc.de\/#organization"},"potentialAction":[{"@type":"SearchAction","target":{"@type":"EntryPoint","urlTemplate":"https:\/\/wattenscheider-rsc.de\/?s={search_term_string}"},"query-input":"required name=search_term_string"}],"inLanguage":"de"},{"@type":"ImageObject","inLanguage":"de","@id":"https:\/\/wattenscheider-rsc.de\/#primaryimage","url":"https:\/\/wattenscheider-rsc.de\/wp-content\/uploads\/2018\/02\/wrsc-logo_tr-e1518724052980.jpg","contentUrl":"https:\/\/wattenscheider-rsc.de\/wp-content\/uploads\/2018\/02\/wrsc-logo_tr-e1518724052980.jpg","width":120,"height":129},{"@type":"WebPage","@id":"https:\/\/wattenscheider-rsc.de\/#webpage","url":"https:\/\/wattenscheider-rsc.de\/","name":"WRSC - Wattenscheider Rollsport Club - Wattenscheider Rollsport Club 1948 e.V.","isPartOf":{"@id":"https:\/\/wattenscheider-rsc.de\/#website"},"primaryImageOfPage":{"@id":"https:\/\/wattenscheider-rsc.de\/#primaryimage"},"datePublished":"2018-06-08T13:16:09+00:00","dateModified":"2022-05-14T08:36:58+00:00","breadcrumb":{"@id":"https:\/\/wattenscheider-rsc.de\/#breadcrumb"},"inLanguage":"de","potentialAction":[{"@type":"ReadAction","target":["https:\/\/wattenscheider-rsc.de\/"]}]},{"@type":"BreadcrumbList","@id":"https:\/\/wattenscheider-rsc.de\/#breadcrumb","itemListElement":[{"@type":"ListItem","position":1,"name":"Startseite","item":"https:\/\/wattenscheider-rsc.de\/"},{"@type":"ListItem","position":2,"name":"WRSC &#8211; Wattenscheider Rollsport Club"}]}]}},"_links":{"self":[{"href":"https:\/\/wattenscheider-rsc.de\/index.php?rest_route=\/wp\/v2\/pages\/394"}],"collection":[{"href":"https:\/\/wattenscheider-rsc.de\/index.php?rest_route=\/wp\/v2\/pages"}],"about":[{"href":"https:\/\/wattenscheider-rsc.de\/index.php?rest_route=\/wp\/v2\/types\/page"}],"author":[{"embeddable":true,"href":"https:\/\/wattenscheider-rsc.de\/index.php?rest_route=\/wp\/v2\/users\/3"}],"replies":[{"embeddable":true,"href":"https:\/\/wattenscheider-rsc.de\/index.php?rest_route=%2Fwp%2Fv2%2Fcomments&post=394"}],"version-history":[{"count":71,"href":"https:\/\/wattenscheider-rsc.de\/index.php?rest_route=\/wp\/v2\/pages\/394\/revisions"}],"predecessor-version":[{"id":678,"href":"https:\/\/wattenscheider-rsc.de\/index.php?rest_route=\/wp\/v2\/pages\/394\/revisions\/678"}],"wp:attachment":[{"href":"https:\/\/wattenscheider-rsc.de\/index.php?rest_route=%2Fwp%2Fv2%2Fmedia&parent=394"}],"curies":[{"name":"wp","href":"https:\/\/api.w.org\/{rel}","templated":true}]}}